{"id":461,"date":"2024-01-29T20:34:16","date_gmt":"2024-01-29T18:34:16","guid":{"rendered":"https:\/\/www.sorbil.no\/?page_id=461"},"modified":"2025-02-22T14:30:03","modified_gmt":"2025-02-22T12:30:03","slug":"kommisjons-formidlingssalg","status":"publish","type":"page","link":"https:\/\/www.sorbil.no\/?page_id=461","title":{"rendered":"Kj\u00f8p og salg av bil"},"content":{"rendered":"\t\t<div data-elementor-type=\"wp-page\" data-elementor-id=\"461\" class=\"elementor elementor-461\" data-elementor-post-type=\"page\">\n\t\t\t\t<div class=\"elementor-element elementor-element-1457d4b e-flex e-con-boxed e-con e-parent\" data-id=\"1457d4b\" data-element_type=\"container\" data-e-type=\"container\">\n\t\t\t\t\t<div class=\"e-con-inner\">\n\t\t\t\t<div class=\"elementor-element elementor-element-1a12d10 elementor-widget elementor-widget-spacer\" data-id=\"1a12d10\" data-element_type=\"widget\" data-e-type=\"widget\" data-widget_type=\"spacer.default\">\n\t\t\t\t<div class=\"elementor-widget-container\">\n\t\t\t\t\t\t\t<div class=\"elementor-spacer\">\n\t\t\t<div class=\"elementor-spacer-inner\"><\/div>\n\t\t<\/div>\n\t\t\t\t\t\t<\/div>\n\t\t\t\t<\/div>\n\t\t\t\t<div class=\"elementor-element elementor-element-57e3215 elementor-widget elementor-widget-heading\" data-id=\"57e3215\" data-element_type=\"widget\" data-e-type=\"widget\" data-widget_type=\"heading.default\">\n\t\t\t\t<div class=\"elementor-widget-container\">\n\t\t\t\t\t<h2 class=\"elementor-heading-title elementor-size-default\">\u00d8nsker du at S\u00f8rbil kj\u00f8per eller selger bilen din for deg?<\/h2>\t\t\t\t<\/div>\n\t\t\t\t<\/div>\n\t\t\t\t\t<\/div>\n\t\t\t\t<\/div>\n\t\t<div class=\"elementor-element elementor-element-83988d4 e-flex e-con-boxed e-con e-parent\" data-id=\"83988d4\" data-element_type=\"container\" data-e-type=\"container\">\n\t\t\t\t\t<div class=\"e-con-inner\">\n\t\t\t\t<div class=\"elementor-element elementor-element-81d7b1e elementor-widget__width-initial elementor-widget-mobile__width-initial elementor-widget elementor-widget-text-editor\" data-id=\"81d7b1e\" data-element_type=\"widget\" data-e-type=\"widget\" data-widget_type=\"text-editor.default\">\n\t\t\t\t<div class=\"elementor-widget-container\">\n\t\t\t\t\t\t\t\t\t<p><strong>Direkte kj\u00f8p:<br \/><\/strong>Dersom du \u00f8nsker en hurtig prosess kan vi kj\u00f8pe bilen din omg\u00e5ende. Vi tar da over ansvaret for salget og reklamasjonsansvar i fremtiden. Oppgj\u00f8r vil bli betalt ut direkte til din bankkonto.<\/p><p><strong>Formidlingssalg:<\/strong><br \/>Ved formidlingssalg vil S\u00f8rbil gjennomf\u00f8re salget og v\u00e6re som en tredjemann for opppdragsgiver (Selger av bilen).<br \/>Ved formidlingssalg er det oppdragsgiver som st\u00e5r som selger av bilen og vil da v\u00e6re ansvarlig for eventuelle fremtidige reklamasjoner.<\/p><p><strong>V\u00e5re priser er som f\u00f8lger:<\/strong><br \/>Formidlingssalg: 30.000 NOK<\/p><p>Priser er inklusive mva.<\/p><p><strong>Hva inkluderes i v\u00e5re priser:<\/strong><\/p><ul><li>Verdivurdering.<\/li><li>Klargj\u00f8ring og vask.<\/li><li>Profesjonell fotograf som tar bilder av bilen.<\/li><li>Finn annonse som blir utarbeidet av S\u00f8rbil.<\/li><li>Visning av bilen til potensielle kj\u00f8pere.<\/li><li>Salg og utarbeidelse av kontrakt.<\/li><li>Utlevering og oppgj\u00f8r.<\/li><\/ul><p>Ta kontakt s\u00e5 st\u00e5r vi klar for \u00e5 hjelpe.<\/p>\t\t\t\t\t\t\t\t<\/div>\n\t\t\t\t<\/div>\n\t\t\t\t<div class=\"elementor-element elementor-element-d0298f6 elementor-widget__width-initial elementor-widget elementor-widget-image\" data-id=\"d0298f6\" data-element_type=\"widget\" data-e-type=\"widget\" data-widget_type=\"image.default\">\n\t\t\t\t<div class=\"elementor-widget-container\">\n\t\t\t\t\t\t\t\t\t\t\t\t\t\t\t<img fetchpriority=\"high\" decoding=\"async\" width=\"1024\" height=\"683\" src=\"https:\/\/www.sorbil.no\/wp-content\/uploads\/2024\/01\/shutterstock_749118631-1024x683.jpg\" class=\"attachment-large size-large wp-image-466\" alt=\"\" srcset=\"https:\/\/www.sorbil.no\/wp-content\/uploads\/2024\/01\/shutterstock_749118631-1024x683.jpg 1024w, https:\/\/www.sorbil.no\/wp-content\/uploads\/2024\/01\/shutterstock_749118631-300x200.jpg 300w, https:\/\/www.sorbil.no\/wp-content\/uploads\/2024\/01\/shutterstock_749118631-768x512.jpg 768w, https:\/\/www.sorbil.no\/wp-content\/uploads\/2024\/01\/shutterstock_749118631-1536x1024.jpg 1536w, https:\/\/www.sorbil.no\/wp-content\/uploads\/2024\/01\/shutterstock_749118631-2048x1365.jpg 2048w\" sizes=\"(max-width: 1024px) 100vw, 1024px\" \/>\t\t\t\t\t\t\t\t\t\t\t\t\t\t\t<\/div>\n\t\t\t\t<\/div>\n\t\t\t\t\t<\/div>\n\t\t\t\t<\/div>\n\t\t<div class=\"elementor-element elementor-element-49e13b5 e-flex e-con-boxed e-con e-parent\" data-id=\"49e13b5\" data-element_type=\"container\" data-e-type=\"container\">\n\t\t\t\t\t<div class=\"e-con-inner\">\n\t\t\t\t<div class=\"elementor-element elementor-element-0bf4717 elementor-widget__width-inherit elementor-widget elementor-widget-heading\" data-id=\"0bf4717\" data-element_type=\"widget\" data-e-type=\"widget\" data-widget_type=\"heading.default\">\n\t\t\t\t<div class=\"elementor-widget-container\">\n\t\t\t\t\t<h2 class=\"elementor-heading-title elementor-size-default\">Direkte kj\u00f8p eller formidlingssalg<\/h2>\t\t\t\t<\/div>\n\t\t\t\t<\/div>\n\t\t\t\t<div class=\"elementor-element elementor-element-529e94d elementor-widget elementor-widget-text-editor\" data-id=\"529e94d\" data-element_type=\"widget\" data-e-type=\"widget\" data-widget_type=\"text-editor.default\">\n\t\t\t\t<div class=\"elementor-widget-container\">\n\t\t\t\t\t\t\t\t\t<p><span style=\"text-decoration: underline;\">Dette trenger vi av informasjon for \u00e5 ta en riktig verdivurdering av din bil<\/span><\/p>\t\t\t\t\t\t\t\t<\/div>\n\t\t\t\t<\/div>\n\t\t\t\t<div class=\"elementor-element elementor-element-6d961ed elementor-widget elementor-widget-wpforms\" data-id=\"6d961ed\" data-element_type=\"widget\" data-e-type=\"widget\" data-widget_type=\"wpforms.default\">\n\t\t\t\t<div class=\"elementor-widget-container\">\n\t\t\t\t\t<style id=\"wpforms-css-vars-elementor-widget-6d961ed\">\n\t\t\t\t.elementor-widget-wpforms.elementor-element-6d961ed {\n\t\t\t\t--wpforms-field-background-color: #A09999;\n--wpforms-field-border-color: #00000040;\n--wpforms-field-border-color-spare: #00000040;\n--wpforms-field-text-color: #000000;\n--wpforms-label-color: #E9E5E5;\n--wpforms-label-error-color: #F39F09;\n--wpforms-button-background-color: #F39F09;\n--wpforms-field-size-input-height: 31px;\n--wpforms-field-size-input-spacing: 10px;\n--wpforms-field-size-font-size: 14px;\n--wpforms-field-size-line-height: 17px;\n--wpforms-field-size-padding-h: 9px;\n--wpforms-field-size-checkbox-size: 14px;\n--wpforms-field-size-sublabel-spacing: 5px;\n--wpforms-field-size-icon-size: 0.75;\n\t\t\t}\n\t\t\t<\/style><div class=\"wpforms-container wpforms-container-full wpforms-render-modern\" id=\"wpforms-473\"><form id=\"wpforms-form-473\" class=\"wpforms-validate wpforms-form wpforms-ajax-form\" data-formid=\"473\" method=\"post\" enctype=\"multipart\/form-data\" action=\"\/index.php?rest_route=%2Fwp%2Fv2%2Fpages%2F461\" data-token=\"987ea36d8412898fca1cd6a7c3cb366e\" data-token-time=\"1777526926\"><noscript class=\"wpforms-error-noscript\">Please enable JavaScript in your browser to complete this form.<\/noscript><div id=\"wpforms-error-noscript\" style=\"display: none;\">Please enable JavaScript in your browser to complete this form.<\/div><div class=\"wpforms-field-container\"><div id=\"wpforms-473-field_13-container\" class=\"wpforms-field wpforms-field-checkbox\" data-field-id=\"13\"><fieldset><legend class=\"wpforms-field-label\">\u00d8nsket bistand fra S\u00f8rbil <span class=\"wpforms-required-label\" aria-hidden=\"true\">*<\/span><\/legend><ul id=\"wpforms-473-field_13\" class=\"wpforms-field-required\" data-choice-limit=\"1\"><li class=\"choice-3 depth-1\"><input type=\"checkbox\" id=\"wpforms-473-field_13_3\" data-rule-check-limit=\"true\" name=\"wpforms[fields][13][]\" value=\"Direkte kj\u00f8p\" aria-errormessage=\"wpforms-473-field_13_3-error\" required ><label class=\"wpforms-field-label-inline\" for=\"wpforms-473-field_13_3\">Direkte kj\u00f8p<\/label><\/li><li class=\"choice-2 depth-1\"><input type=\"checkbox\" id=\"wpforms-473-field_13_2\" data-rule-check-limit=\"true\" name=\"wpforms[fields][13][]\" value=\"Formidlingssalg\" aria-errormessage=\"wpforms-473-field_13_2-error\" required ><label class=\"wpforms-field-label-inline\" for=\"wpforms-473-field_13_2\">Formidlingssalg<\/label><\/li><\/ul><\/fieldset><\/div><div id=\"wpforms-473-field_1-container\" class=\"wpforms-field wpforms-field-text\" data-field-id=\"1\"><label class=\"wpforms-field-label\" for=\"wpforms-473-field_1\">Registreringsnummer <span class=\"wpforms-required-label\" aria-hidden=\"true\">*<\/span><\/label><input type=\"text\" id=\"wpforms-473-field_1\" class=\"wpforms-field-small wpforms-field-required\" name=\"wpforms[fields][1]\" aria-errormessage=\"wpforms-473-field_1-error\" required><\/div><div id=\"wpforms-473-field_2-container\" class=\"wpforms-field wpforms-field-text\" data-field-id=\"2\"><label class=\"wpforms-field-label\" for=\"wpforms-473-field_2\">Km stand <span class=\"wpforms-required-label\" aria-hidden=\"true\">*<\/span><\/label><input type=\"text\" id=\"wpforms-473-field_2\" class=\"wpforms-field-small wpforms-field-required\" name=\"wpforms[fields][2]\" aria-errormessage=\"wpforms-473-field_2-error\" required><\/div><div id=\"wpforms-473-field_11-container\" class=\"wpforms-field wpforms-field-text\" data-field-id=\"11\"><label class=\"wpforms-field-label\" for=\"wpforms-473-field_11\">Fullt navn <span class=\"wpforms-required-label\" aria-hidden=\"true\">*<\/span><\/label><input type=\"text\" id=\"wpforms-473-field_11\" class=\"wpforms-field-medium wpforms-field-required\" name=\"wpforms[fields][11]\" aria-errormessage=\"wpforms-473-field_11-error\" required><\/div><div id=\"wpforms-473-field_10-container\" class=\"wpforms-field wpforms-field-email\" data-field-id=\"10\"><label class=\"wpforms-field-label\" for=\"wpforms-473-field_10\">E-post adresse <span class=\"wpforms-required-label\" aria-hidden=\"true\">*<\/span><\/label><input type=\"email\" id=\"wpforms-473-field_10\" class=\"wpforms-field-small wpforms-field-required\" name=\"wpforms[fields][10]\" spellcheck=\"false\" aria-errormessage=\"wpforms-473-field_10-error\" required><\/div><div id=\"wpforms-473-field_12-container\" class=\"wpforms-field wpforms-field-number\" data-field-id=\"12\"><label class=\"wpforms-field-label\" for=\"wpforms-473-field_12\">Telefon nummer <span class=\"wpforms-required-label\" aria-hidden=\"true\">*<\/span><\/label><input type=\"number\" id=\"wpforms-473-field_12\" class=\"wpforms-field-small wpforms-field-required\" name=\"wpforms[fields][12]\" step=\"any\" aria-errormessage=\"wpforms-473-field_12-error\" required><\/div><\/div><!-- .wpforms-field-container --><div class=\"wpforms-recaptcha-container wpforms-is-recaptcha wpforms-is-recaptcha-type-v2\" ><div class=\"g-recaptcha\" data-sitekey=\"6LeIZx0pAAAAANzUZL8JP4FTC_WYFeGDMjpCWWgl\"><\/div><input type=\"text\" name=\"g-recaptcha-hidden\" class=\"wpforms-recaptcha-hidden\" style=\"position:absolute!important;clip:rect(0,0,0,0)!important;height:1px!important;width:1px!important;border:0!important;overflow:hidden!important;padding:0!important;margin:0!important;\" data-rule-recaptcha=\"1\"><\/div><div class=\"wpforms-submit-container\" ><input type=\"hidden\" name=\"wpforms[id]\" value=\"473\"><input type=\"hidden\" name=\"page_title\" value=\"\"><input type=\"hidden\" name=\"page_url\" value=\"https:\/\/www.sorbil.no\/index.php?rest_route=\/wp\/v2\/pages\/461\"><input type=\"hidden\" name=\"url_referer\" value=\"\"><button type=\"submit\" name=\"wpforms[submit]\" id=\"wpforms-submit-473\" class=\"wpforms-submit\" data-alt-text=\"Sender...\" data-submit-text=\"Send inn\" aria-live=\"assertive\" value=\"wpforms-submit\">Send inn<\/button><img decoding=\"async\" src=\"https:\/\/www.sorbil.no\/wp-content\/plugins\/wpforms-lite\/assets\/images\/submit-spin.svg\" class=\"wpforms-submit-spinner\" style=\"display: none;\" width=\"26\" height=\"26\" alt=\"Loading\"><\/div><\/form><\/div>  <!-- .wpforms-container -->\t\t\t\t<\/div>\n\t\t\t\t<\/div>\n\t\t\t\t\t<\/div>\n\t\t\t\t<\/div>\n\t\t\t\t<\/div>\n\t\t","protected":false},"excerpt":{"rendered":"<p>\u00d8nsker du at S\u00f8rbil kj\u00f8per eller selger bilen din for deg? Direkte kj\u00f8p:Dersom du \u00f8nsker en hurtig prosess kan vi kj\u00f8pe bilen din omg\u00e5ende. Vi tar da over ansvaret for salget og reklamasjonsansvar i fremtiden. Oppgj\u00f8r vil bli betalt ut direkte til din bankkonto. Formidlingssalg:Ved formidlingssalg vil S\u00f8rbil gjennomf\u00f8re salget og v\u00e6re som en tredjemann [&hellip;]<\/p>\n","protected":false},"author":1,"featured_media":0,"parent":0,"menu_order":0,"comment_status":"closed","ping_status":"closed","template":"","meta":{"_monsterinsights_skip_tracking":false,"_monsterinsights_sitenote_active":false,"_monsterinsights_sitenote_note":"","_monsterinsights_sitenote_category":0,"_uf_show_specific_survey":0,"_uf_disable_surveys":false,"site-sidebar-layout":"no-sidebar","site-content-layout":"","ast-site-content-layout":"full-width-container","site-content-style":"default","site-sidebar-style":"default","ast-global-header-display":"","ast-banner-title-visibility":"","ast-main-header-display":"","ast-hfb-above-header-display":"","ast-hfb-below-header-display":"","ast-hfb-mobile-header-display":"","site-post-title":"disabled","ast-breadcrumbs-content":"","ast-featured-img":"disabled","footer-sml-layout":"","ast-disable-related-posts":"","theme-transparent-header-meta":"","adv-header-id-meta":"","stick-header-meta":"","header-above-stick-meta":"","header-main-stick-meta":"","header-below-stick-meta":"","astra-migrate-meta-layouts":"default","ast-page-background-enabled":"default","ast-page-background-meta":{"desktop":{"background-color":"var(--ast-global-color-4)","background-image":"","background-repeat":"repeat","background-position":"center center","background-size":"auto","background-attachment":"scroll","background-type":"","background-media":"","overlay-type":"","overlay-color":"","overlay-opacity":"","overlay-gradient":""},"tablet":{"background-color":"","background-image":"","background-repeat":"repeat","background-position":"center center","background-size":"auto","background-attachment":"scroll","background-type":"","background-media":"","overlay-type":"","overlay-color":"","overlay-opacity":"","overlay-gradient":""},"mobile":{"background-color":"","background-image":"","background-repeat":"repeat","background-position":"center center","background-size":"auto","background-attachment":"scroll","background-type":"","background-media":"","overlay-type":"","overlay-color":"","overlay-opacity":"","overlay-gradient":""}},"ast-content-background-meta":{"desktop":{"background-color":"var(--ast-global-color-5)","background-image":"","background-repeat":"repeat","background-position":"center center","background-size":"auto","background-attachment":"scroll","background-type":"","background-media":"","overlay-type":"","overlay-color":"","overlay-opacity":"","overlay-gradient":""},"tablet":{"background-color":"var(--ast-global-color-5)","background-image":"","background-repeat":"repeat","background-position":"center center","background-size":"auto","background-attachment":"scroll","background-type":"","background-media":"","overlay-type":"","overlay-color":"","overlay-opacity":"","overlay-gradient":""},"mobile":{"background-color":"var(--ast-global-color-5)","background-image":"","background-repeat":"repeat","background-position":"center center","background-size":"auto","background-attachment":"scroll","background-type":"","background-media":"","overlay-type":"","overlay-color":"","overlay-opacity":"","overlay-gradient":""}},"footnotes":""},"class_list":["post-461","page","type-page","status-publish","hentry"],"aioseo_notices":[],"_links":{"self":[{"href":"https:\/\/www.sorbil.no\/index.php?rest_route=\/wp\/v2\/pages\/461","targetHints":{"allow":["GET"]}}],"collection":[{"href":"https:\/\/www.sorbil.no\/index.php?rest_route=\/wp\/v2\/pages"}],"about":[{"href":"https:\/\/www.sorbil.no\/index.php?rest_route=\/wp\/v2\/types\/page"}],"author":[{"embeddable":true,"href":"https:\/\/www.sorbil.no\/index.php?rest_route=\/wp\/v2\/users\/1"}],"replies":[{"embeddable":true,"href":"https:\/\/www.sorbil.no\/index.php?rest_route=%2Fwp%2Fv2%2Fcomments&post=461"}],"version-history":[{"count":50,"href":"https:\/\/www.sorbil.no\/index.php?rest_route=\/wp\/v2\/pages\/461\/revisions"}],"predecessor-version":[{"id":1062,"href":"https:\/\/www.sorbil.no\/index.php?rest_route=\/wp\/v2\/pages\/461\/revisions\/1062"}],"wp:attachment":[{"href":"https:\/\/www.sorbil.no\/index.php?rest_route=%2Fwp%2Fv2%2Fmedia&parent=461"}],"curies":[{"name":"wp","href":"https:\/\/api.w.org\/{rel}","templated":true}]}}